{"id":4957,"date":"2023-03-31T10:21:17","date_gmt":"2023-03-31T09:21:17","guid":{"rendered":"https:\/\/automonitoring.online\/web\/?post_type=product&#038;p=4957"},"modified":"2023-03-31T10:58:30","modified_gmt":"2023-03-31T09:58:30","slug":"bat","status":"publish","type":"product","link":"https:\/\/automonitoring.online\/web\/?product=bat","title":{"rendered":"3 roky monitorovania na jednu bat\u00e9riu"},"content":{"rendered":"<p><strong>Monitorovacie zariadenie s vlastnou bat\u00e9riou a dlhou v\u00fddr\u017eou.<\/strong><\/p>\n<p><strong>\u010co vie monitorova\u0165 ?<\/strong><\/p>\n<ul>\n<li>zariadenie je vhodn\u00e9 pre v\u0161etky prepravn\u00e9 kontajnery, z\u00e1sielky, pracovn\u00e9 stroje a predmety kde sa nenach\u00e1dza zdroj elektrick\u00e9ho nap\u00e1jania.<\/li>\n<\/ul>\n<p><strong>Ako to funguje?<\/strong><\/p>\n<ul>\n<li>GPS zariadenie umiestnite napr\u00edklad do prepravn\u00e9ho kontajnera, prihl\u00e1site sa do syst\u00e9mu Automonitoring a vyu\u017e\u00edvate v\u0161etky funkcie monitorovania.<\/li>\n<\/ul>\n<p><strong>Ak\u00e9 s\u00fa hlavn\u00e9 v\u00fdhody?<\/strong><\/p>\n<ul>\n<li>viete kde sa pr\u00e1ve nach\u00e1dza Va\u0161e sledovan\u00fd objekt,<\/li>\n<li>v\u00fddr\u017e bat\u00e9rie je <strong>1000 odoslan\u00fdch spr\u00e1v o polohe.<\/strong><\/li>\n<li>pri odosielan\u00ed jednej polohy denne, je v\u00fddr\u017e na jednu bat\u00e9riu<strong> 3 roky<\/strong>,<\/li>\n<li>odoln\u00e9 vyhotovenie do nevhodn\u00fdch podmienok, IP68<\/li>\n<\/ul>\n","protected":false},"excerpt":{"rendered":"<p>Monitorovacie zariadenie s dlhou v\u00fddr\u017eou na jednu bat\u00e9riu.<\/p>\n","protected":false},"featured_media":4962,"template":"","meta":{"_seopress_robots_primary_cat":"none","_seopress_titles_title":"3 roky GPS monitorovania na jednu bat\u00e9riu","_seopress_titles_desc":"Monitorovacie zariadenie s dlhou v\u00fddr\u017eou na jednu bat\u00e9riu. Dohliadnite na Va\u0161u z\u00e1sielku, od bal\u00edkov a\u017e po prepravn\u00e9 kontajnery.","_seopress_robots_index":""},"product_cat":[56],"product_tag":[],"class_list":{"0":"post-4957","1":"product","2":"type-product","3":"status-publish","4":"has-post-thumbnail","6":"product_cat-gps","8":"first","9":"instock","10":"taxable","11":"shipping-taxable","12":"purchasable","13":"product-type-variable","14":"has-default-attributes"},"_links":{"self":[{"href":"https:\/\/automonitoring.online\/web\/index.php?rest_route=\/wp\/v2\/product\/4957","targetHints":{"allow":["GET"]}}],"collection":[{"href":"https:\/\/automonitoring.online\/web\/index.php?rest_route=\/wp\/v2\/product"}],"about":[{"href":"https:\/\/automonitoring.online\/web\/index.php?rest_route=\/wp\/v2\/types\/product"}],"version-history":[{"count":1,"href":"https:\/\/automonitoring.online\/web\/index.php?rest_route=\/wp\/v2\/product\/4957\/revisions"}],"predecessor-version":[{"id":4963,"href":"https:\/\/automonitoring.online\/web\/index.php?rest_route=\/wp\/v2\/product\/4957\/revisions\/4963"}],"wp:featuredmedia":[{"embeddable":true,"href":"https:\/\/automonitoring.online\/web\/index.php?rest_route=\/wp\/v2\/media\/4962"}],"wp:attachment":[{"href":"https:\/\/automonitoring.online\/web\/index.php?rest_route=%2Fwp%2Fv2%2Fmedia&parent=4957"}],"wp:term":[{"taxonomy":"product_cat","embeddable":true,"href":"https:\/\/automonitoring.online\/web\/index.php?rest_route=%2Fwp%2Fv2%2Fproduct_cat&post=4957"},{"taxonomy":"product_tag","embeddable":true,"href":"https:\/\/automonitoring.online\/web\/index.php?rest_route=%2Fwp%2Fv2%2Fproduct_tag&post=4957"}],"curies":[{"name":"wp","href":"https:\/\/api.w.org\/{rel}","templated":true}]}}