{"id":4260,"date":"2022-11-11T10:13:56","date_gmt":"2022-11-11T09:13:56","guid":{"rendered":"https:\/\/automonitoring.online\/web\/?post_type=product&#038;p=4260"},"modified":"2022-11-11T10:55:29","modified_gmt":"2022-11-11T09:55:29","slug":"prenosne_z","status":"publish","type":"product","link":"https:\/\/automonitoring.online\/web\/?product=prenosne_z","title":{"rendered":"K ro\u010dn\u00e9mu bal\u00edku &#8211; prenosn\u00e9 gps zariadenie ZADARMO"},"content":{"rendered":"<p><strong>Pri ro\u010dnej platbe z\u00edskavate GPS zariadenie zadarmo.<\/strong>\u00a0<strong>Cena GPS zariadenia s ro\u010dnou EU prev\u00e1dzkou je 99\u20ac<\/strong><\/p>\n<p>Bal\u00edk Prenosn\u00e9 GPS je neviazan\u00e1 vo\u013eba, poskytuje v\u0161etky modern\u00e9 funkcie GPS monitorovania. Pon\u00faka komplexn\u00fd preh\u013ead o vozidle a samozrejmos\u0165ou je automatick\u00e1 kniha j\u00e1zd. Obsahuje GPS zariadenie a ro\u010dn\u00e9 online fungovanie.<\/p>\n<p><strong>\u010co vie monitorova\u0165 Prenosn\u00e9 GPS?<\/strong><\/p>\n<ul>\n<li>zariadenie je vhodn\u00e9 pre osobn\u00e9 a n\u00e1kladn\u00e9 vozidl\u00e1, karavany&#8230;.v\u0161ade tam kde je cigaretov\u00e1 z\u00e1suvka.<\/li>\n<\/ul>\n<p><strong>Ako to funguje?<\/strong><\/p>\n<ul>\n<li>GPS zariadenie vlo\u017e\u00edte do cigaretovej z\u00e1suvky, prihl\u00e1site sa do syst\u00e9mu Automonitoring a vyu\u017e\u00edvate v\u0161etky funkcie monitorovania.<\/li>\n<\/ul>\n<p><strong>Ak\u00e9 s\u00fa hlavn\u00e9 v\u00fdhody?<\/strong><\/p>\n<ul>\n<li>jednoduch\u00e9 striedanie gps zariadenia vo viacer\u00fdch vozidl\u00e1ch,<\/li>\n<li>viete kde sa pr\u00e1ve nach\u00e1dza Va\u0161e vozidlo, aktu\u00e1lnu r\u00fdchlos\u0165, smer jazdy,<\/li>\n<li>jednoduch\u00e9 a r\u00fdchle vyhotovenie elektronickej knihy j\u00e1zd a podkladov pre cestovn\u00e9 n\u00e1hrady,<\/li>\n<li>komplexn\u00fd preh\u013ead o re\u00e1lne najazden\u00fdch kilometroch V\u00e1m zabezpe\u010d\u00ed v\u00fdrazn\u00fa \u00fasporu na pohonn\u00fdch hmot\u00e1ch,<\/li>\n<li>automatick\u00e9 upozornenia na servisn\u00e9 intervaly, term\u00edny STK, poistiek a podobne.<\/li>\n<\/ul>\n<ul>\n<li><\/li>\n<\/ul>\n","protected":false},"excerpt":{"rendered":"<p>Bal\u00edk automonitoring Prenosn\u00e9 GPS s pau\u0161\u00e1lom.<\/p>\n<p>Samoin\u0161tala\u010dn\u00fd bal\u00edk.<\/p>\n","protected":false},"featured_media":1894,"template":"","meta":{"_seopress_robots_primary_cat":"none","_seopress_titles_title":"Prenosn\u00e9 GPS s ro\u010dn\u00fdm pau\u0161\u00e1lom","_seopress_titles_desc":"Spo\u013eahliv\u00e9 monitorovacie zariadenie do auto zapa\u013eova\u010da.","_seopress_robots_index":""},"product_cat":[56],"product_tag":[],"class_list":{"0":"post-4260","1":"product","2":"type-product","3":"status-publish","4":"has-post-thumbnail","6":"product_cat-gps","8":"first","9":"instock","10":"sale","11":"taxable","12":"shipping-taxable","13":"purchasable","14":"product-type-simple"},"_links":{"self":[{"href":"https:\/\/automonitoring.online\/web\/index.php?rest_route=\/wp\/v2\/product\/4260","targetHints":{"allow":["GET"]}}],"collection":[{"href":"https:\/\/automonitoring.online\/web\/index.php?rest_route=\/wp\/v2\/product"}],"about":[{"href":"https:\/\/automonitoring.online\/web\/index.php?rest_route=\/wp\/v2\/types\/product"}],"version-history":[{"count":3,"href":"https:\/\/automonitoring.online\/web\/index.php?rest_route=\/wp\/v2\/product\/4260\/revisions"}],"predecessor-version":[{"id":4268,"href":"https:\/\/automonitoring.online\/web\/index.php?rest_route=\/wp\/v2\/product\/4260\/revisions\/4268"}],"wp:featuredmedia":[{"embeddable":true,"href":"https:\/\/automonitoring.online\/web\/index.php?rest_route=\/wp\/v2\/media\/1894"}],"wp:attachment":[{"href":"https:\/\/automonitoring.online\/web\/index.php?rest_route=%2Fwp%2Fv2%2Fmedia&parent=4260"}],"wp:term":[{"taxonomy":"product_cat","embeddable":true,"href":"https:\/\/automonitoring.online\/web\/index.php?rest_route=%2Fwp%2Fv2%2Fproduct_cat&post=4260"},{"taxonomy":"product_tag","embeddable":true,"href":"https:\/\/automonitoring.online\/web\/index.php?rest_route=%2Fwp%2Fv2%2Fproduct_tag&post=4260"}],"curies":[{"name":"wp","href":"https:\/\/api.w.org\/{rel}","templated":true}]}}