{"id":1776,"date":"2020-05-13T22:58:52","date_gmt":"2020-05-13T21:58:52","guid":{"rendered":"https:\/\/automonitoring.online\/web\/?post_type=product&#038;p=1776"},"modified":"2022-02-09T19:37:01","modified_gmt":"2022-02-09T18:37:01","slug":"e-bike","status":"publish","type":"product","link":"https:\/\/automonitoring.online\/web\/?product=e-bike","title":{"rendered":"E-bike + 1rok"},"content":{"rendered":"\t\t<div data-elementor-type=\"wp-post\" data-elementor-id=\"1776\" class=\"elementor elementor-1776\" data-elementor-post-type=\"product\">\n\t\t\t\t\t\t<div class=\"elementor-inner\">\n\t\t\t\t<div class=\"elementor-section-wrap\">\n\t\t\t\t\t\t\t\t\t<section class=\"elementor-section elementor-top-section elementor-element elementor-element-5aad6068 elementor-section-boxed elementor-section-height-default elementor-section-height-default\" data-id=\"5aad6068\" data-element_type=\"section\" data-settings=\"{&quot;jet_parallax_layout_list&quot;:[]}\">\n\t\t\t\t\t\t<div class=\"elementor-container elementor-column-gap-default\">\n\t\t\t\t\t\t\t<div class=\"elementor-row\">\n\t\t\t\t\t<div class=\"elementor-column elementor-col-100 elementor-top-column elementor-element elementor-element-76997cf6\" data-id=\"76997cf6\" data-element_type=\"column\">\n\t\t\t<div class=\"elementor-column-wrap elementor-element-populated\">\n\t\t\t\t\t\t\t<div class=\"elementor-widget-wrap\">\n\t\t\t\t\t\t<div class=\"elementor-element elementor-element-19ebc351 elementor-widget elementor-widget-text-editor\" data-id=\"19ebc351\" data-element_type=\"widget\" data-widget_type=\"text-editor.default\">\n\t\t\t\t<div class=\"elementor-widget-container\">\n\t\t\t\t\t\t\t\t<div class=\"elementor-text-editor elementor-clearfix\">\n\t\t\t\t<p>Zabezpe\u010dte V\u00e1\u0161 nov\u00fd Elektro-bicykel. Na\u0161e GPS zariadenie pon\u00faka ochranu a doh\u013ead.<\/p>\n<p>Mno\u017estvo funkci\u00ed vyu\u017eijete aj pri \u0161portovan\u00ed, cestovan\u00ed a dobrodru\u017estv\u00e1ch ved\u00facich na tie najkraj\u0161ie miesta.<\/p>\n<p><strong>Ako to funguje?<\/strong><\/p>\n<p>GPS zariadenie sa in\u0161taluje priamo do r\u00e1mu bicykla, nie je vidite\u013en\u00e9 a je \u0165a\u017eko dostupn\u00e9 (na rozdiel od v\u00e4\u010d\u0161iny konkuren\u010dn\u00fdch rie\u0161en\u00ed).<\/p>\n<p>Zariadenie vyu\u017e\u00edva origin\u00e1lne OEM komponenty v\u00fdrobcov motorov pre elektrobicykle, na\u0161e zariadenie sa stane nerozpoznate\u013enou s\u00fa\u010das\u0165ou vn\u00fatornej kabel\u00e1\u017ee motora.<\/p>\n<p><strong>Ak\u00e9 s\u00fa hlavn\u00e9 v\u00fdhody?<\/strong><\/p>\n<ul>\n<li>o zariadenie sa netreba stara\u0165 a manu\u00e1lne ho nab\u00edja\u0165, o nap\u00e1janie sa postar\u00e1 hlavn\u00e1 bat\u00e9ria,<\/li>\n<li>viete kde sa pr\u00e1ve nach\u00e1dza V\u00e1\u0161 E-bike, aktu\u00e1lnu r\u00fdchlos\u0165, smer jazdy,<\/li>\n<li>\u010dast\u00e1 online aktualiz\u00e1cia a detailn\u00fd z\u00e1znam trasy,<\/li>\n<li>z\u00e1lo\u017en\u00e1 bat\u00e9ria zabezpe\u010d\u00ed fungovanie aj po vypnut\u00ed bicykla,<\/li>\n<li>r\u00f4zne upozornenia &#8211; pri opusten\u00ed domova, prekro\u010den\u00ed r\u00fdchlosti&#8230;<\/li>\n<li>mobiln\u00e1 aplik\u00e1cia a web pr\u00edstup,<\/li>\n<li>export prejdenej trasy do r\u00f4znych form\u00e1tov (gps, kml, gsr,csv)<\/li>\n<\/ul>\n<p><strong>\u0160pecifik\u00e1cia<\/strong><\/p>\n<ul>\n<li>rozmery v mm 79 x 45 x 19, d\u013a\u017eka nap\u00e1jac\u00edch vodi\u010dov 700 mm,<\/li>\n<li>z\u00e1lo\u017en\u00e1 bat\u00e9ria,<\/li>\n<li>hmotnos\u0165 54g (bez nap\u00e1jacieho k\u00e1bla a bat\u00e9rie),<\/li>\n<li>online aktualiz\u00e1cia na mape ka\u017ed\u00fdch 10 sek\u00fand,<\/li>\n<li>z\u00e1znam trasy ka\u017ed\u00fdch 5 sek\u00fand,<\/li>\n<li>SMS upozornenia na viacero \u010d\u00edsel.<\/li>\n<\/ul>\n<p><strong>\u010co obsahuje bal\u00edk E-bike?<\/strong><\/p>\n<ul>\n<li>GPS zariadenie, z\u00e1lo\u017en\u00fa bat\u00e9riu, nap\u00e1jac\u00ed k\u00e1bel,<\/li>\n<li>online prev\u00e1dzku na 1 rok, (po uplynut\u00ed sa aktivuje \u010fal\u0161\u00ed rok za 69\u20ac),<\/li>\n<li>pr\u00edstup do web syst\u00e9mu Automonitoring,<\/li>\n<li>mobiln\u00fa aplik\u00e1ciu pre Android a iOS.<\/li>\n<\/ul>\n<p><strong>Autorizovan\u00ed partneri:<\/strong><\/p>\n<ul>\n<li>Specialized Concept Store \u017dilina<\/li>\n<li>Specialized Concept Store Nitra<\/li>\n<\/ul>\t\t\t\t\t<\/div>\n\t\t\t\t\t\t<\/div>\n\t\t\t\t<\/div>\n\t\t\t\t\t\t<\/div>\n\t\t\t\t\t<\/div>\n\t\t<\/div>\n\t\t\t\t\t\t\t\t<\/div>\n\t\t\t\t\t<\/div>\n\t\t<\/section>\n\t\t\t\t<section class=\"elementor-section elementor-top-section elementor-element elementor-element-90f1ea2 elementor-section-boxed elementor-section-height-default elementor-section-height-default\" data-id=\"90f1ea2\" data-element_type=\"section\" data-settings=\"{&quot;jet_parallax_layout_list&quot;:[]}\">\n\t\t\t\t\t\t<div class=\"elementor-container elementor-column-gap-default\">\n\t\t\t\t\t\t\t<div class=\"elementor-row\">\n\t\t\t\t\t<div class=\"elementor-column elementor-col-100 elementor-top-column elementor-element elementor-element-1bf3cdc\" data-id=\"1bf3cdc\" data-element_type=\"column\">\n\t\t\t<div class=\"elementor-column-wrap elementor-element-populated\">\n\t\t\t\t\t\t\t<div class=\"elementor-widget-wrap\">\n\t\t\t\t\t\t<div class=\"elementor-element elementor-element-646db9d elementor-widget elementor-widget-video\" data-id=\"646db9d\" data-element_type=\"widget\" data-settings=\"{&quot;youtube_url&quot;:&quot;https:\\\/\\\/youtu.be\\\/oVdGZc2BYWM&quot;,&quot;video_type&quot;:&quot;youtube&quot;,&quot;controls&quot;:&quot;yes&quot;}\" data-widget_type=\"video.default\">\n\t\t\t\t<div class=\"elementor-widget-container\">\n\t\t\t\t\t<div class=\"elementor-wrapper elementor-open-inline\">\n\t\t\t<div class=\"elementor-video\"><\/div>\t\t<\/div>\n\t\t\t\t<\/div>\n\t\t\t\t<\/div>\n\t\t\t\t\t\t<\/div>\n\t\t\t\t\t<\/div>\n\t\t<\/div>\n\t\t\t\t\t\t\t\t<\/div>\n\t\t\t\t\t<\/div>\n\t\t<\/section>\n\t\t\t\t\t\t\t\t\t<\/div>\n\t\t\t<\/div>\n\t\t\t\t\t<\/div>\n\t\t","protected":false},"excerpt":{"rendered":"<p>Zabezpe\u010dte V\u00e1\u0161 nov\u00fd Elektro-bicykel. Na\u0161e GPS zariadenie pon\u00faka ochranu a doh\u013ead. Mno\u017estvo funkci\u00ed vyu\u017eijete aj pri \u0161portovan\u00ed, cestovan\u00ed a dobrodru\u017estv\u00e1ch ved\u00facich na tie najkraj\u0161ie miesta. Ako to funguje? GPS zariadenie sa in\u0161taluje priamo do r\u00e1mu bicykla, nie je vidite\u013en\u00e9 a je \u0165a\u017eko dostupn\u00e9 (na rozdiel od v\u00e4\u010d\u0161iny konkuren\u010dn\u00fdch rie\u0161en\u00ed). Zariadenie vyu\u017e\u00edva origin\u00e1lne OEM komponenty v\u00fdrobcov [&hellip;]<\/p>\n","protected":false},"featured_media":1771,"template":"","meta":{"_seopress_robots_primary_cat":"","_seopress_titles_title":"","_seopress_titles_desc":"","_seopress_robots_index":""},"product_cat":[56],"product_tag":[],"class_list":{"0":"post-1776","1":"product","2":"type-product","3":"status-publish","4":"has-post-thumbnail","6":"product_cat-gps","8":"first","9":"instock","10":"taxable","11":"shipping-taxable","12":"purchasable","13":"product-type-simple"},"_links":{"self":[{"href":"https:\/\/automonitoring.online\/web\/index.php?rest_route=\/wp\/v2\/product\/1776","targetHints":{"allow":["GET"]}}],"collection":[{"href":"https:\/\/automonitoring.online\/web\/index.php?rest_route=\/wp\/v2\/product"}],"about":[{"href":"https:\/\/automonitoring.online\/web\/index.php?rest_route=\/wp\/v2\/types\/product"}],"version-history":[{"count":1,"href":"https:\/\/automonitoring.online\/web\/index.php?rest_route=\/wp\/v2\/product\/1776\/revisions"}],"predecessor-version":[{"id":2046,"href":"https:\/\/automonitoring.online\/web\/index.php?rest_route=\/wp\/v2\/product\/1776\/revisions\/2046"}],"wp:featuredmedia":[{"embeddable":true,"href":"https:\/\/automonitoring.online\/web\/index.php?rest_route=\/wp\/v2\/media\/1771"}],"wp:attachment":[{"href":"https:\/\/automonitoring.online\/web\/index.php?rest_route=%2Fwp%2Fv2%2Fmedia&parent=1776"}],"wp:term":[{"taxonomy":"product_cat","embeddable":true,"href":"https:\/\/automonitoring.online\/web\/index.php?rest_route=%2Fwp%2Fv2%2Fproduct_cat&post=1776"},{"taxonomy":"product_tag","embeddable":true,"href":"https:\/\/automonitoring.online\/web\/index.php?rest_route=%2Fwp%2Fv2%2Fproduct_tag&post=1776"}],"curies":[{"name":"wp","href":"https:\/\/api.w.org\/{rel}","templated":true}]}}