{"id":1687,"date":"2020-04-14T16:23:38","date_gmt":"2020-04-14T15:23:38","guid":{"rendered":"https:\/\/automonitoring.online\/web\/?post_type=product&#038;p=1687"},"modified":"2022-03-11T22:06:45","modified_gmt":"2022-03-11T21:06:45","slug":"sledovanie-mobilu","status":"publish","type":"product","link":"https:\/\/automonitoring.online\/web\/?product=sledovanie-mobilu","title":{"rendered":"Sledovanie mobilu (1 rok)"},"content":{"rendered":"<p>Najjednoduch\u0161ia cesta ako monitorova\u0165 osoby. Stiahnite si aplik\u00e1ciu a V\u00e1\u0161 telef\u00f3n za\u010dne fungova\u0165 aj ako GPS monitorovacie zariadenie. Na mape uvid\u00edte aktu\u00e1lnu polohu telef\u00f3nu a hist\u00f3riu prejdenej trasy. Bal\u00edk obsahuje ro\u010dn\u00fd pr\u00edstup pre sledovanie polohy mobiln\u00e9ho telef\u00f3nu.<\/p>\n<p><strong>Ako to funguje?<\/strong><\/p>\n<ul>\n<li>Za pomoci tejto aplik\u00e1cie je mo\u017en\u00e9 online sledova\u0165 polohu Android mobiln\u00e9ho telef\u00f3nu. Ide\u00e1lne rie\u0161enie ak potrebujete zdie\u013ea\u0165 svoju polohu po\u010das v\u00fdletu, alebo potrebujete vedie\u0165 kde sa nach\u00e1dzaj\u00fa Va\u0161e deti.<\/li>\n<li>Pre spr\u00e1vne fungovanie aplik\u00e1cie je potrebn\u00e9 ma\u0165 na mobilnom telef\u00f3ne akt\u00edvne mobiln\u00e9 d\u00e1ta a lokaliza\u010dn\u00e9 slu\u017eby.<\/li>\n<\/ul>\n<p><strong>Ak\u00e9 s\u00fa hlavn\u00e9 v\u00fdhody?<\/strong><\/p>\n<ul>\n<li>stiahnutie aplik\u00e1cie je zadarmo, potrebn\u00e9 je zak\u00fapi\u0165 si ro\u010dn\u00e9 online predplatn\u00e9,<\/li>\n<li>aplik\u00e1cia Automonitoring Tracker je vo\u013ene dostupn\u00e1 na Google play a in\u0161tal\u00e1cia je jednoduch\u00e1 a potrv\u00e1 p\u00e1r sek\u00fand,<\/li>\n<li>aplik\u00e1cia je bezpe\u010dn\u00e1, odosielaj\u00fa sa len nevyhnutn\u00e9 \u00fadaje o polohe.<\/li>\n<\/ul>\n<p><strong>Nastavenie<\/strong><\/p>\n<ul>\n<li>stiahnite aplik\u00e1ciu <a href=\"https:\/\/play.google.com\/store\/apps\/details?id=com.automonitoringsktracker.android\">Automonitoring Tracker<\/a><\/li>\n<li>Prihl\u00e1ste sa pomocou mena, ktor\u00e9 V\u00e1m bolo zaslan\u00e9, za\u010diarknite &#8220;Remember me&#8221;<\/li>\n<\/ul>\n<p><img fetchpriority=\"high\" decoding=\"async\" class=\"alignnone wp-image-1689 size-full\" src=\"https:\/\/automonitoring.online\/web\/wp-content\/uploads\/2020\/04\/apka1.jpg\" alt=\"\" width=\"322\" height=\"606\" srcset=\"https:\/\/automonitoring.online\/web\/wp-content\/uploads\/2020\/04\/apka1.jpg 322w, https:\/\/automonitoring.online\/web\/wp-content\/uploads\/2020\/04\/apka1-159x300.jpg 159w\" sizes=\"(max-width: 322px) 100vw, 322px\" \/><\/p>\n<ul>\n<li>prejdite do nastaven\u00ed &#8220;<strong>Settings<\/strong>&#8221; a nastavte ako \u010dasto bude aplik\u00e1cia odosiela\u0165 \u00fadaje o polohe.<\/li>\n<li>Doporu\u010den\u00e9 nastavenia: <strong>chodec<\/strong> (turista) &#8211; 10min (600 sek\u00fand), <strong>cyklista<\/strong> 5min (<strong>300<\/strong> sek\u00fand)<\/li>\n<li>Doporu\u010dujeme nastavi\u0165 lokaliz\u00e1ciu len pomocou GPS, posledn\u00e1 mo\u017enos\u0165 &#8220;<strong>Location provider<\/strong>&#8221;\u00a0 kliknite na &#8220;<strong>GPS provider<\/strong>&#8220;<\/li>\n<\/ul>\n<p><img decoding=\"async\" class=\"alignnone wp-image-1690 size-full\" src=\"https:\/\/automonitoring.online\/web\/wp-content\/uploads\/2020\/04\/apka2.jpg\" alt=\"\" width=\"323\" height=\"610\" srcset=\"https:\/\/automonitoring.online\/web\/wp-content\/uploads\/2020\/04\/apka2.jpg 323w, https:\/\/automonitoring.online\/web\/wp-content\/uploads\/2020\/04\/apka2-159x300.jpg 159w\" sizes=\"(max-width: 323px) 100vw, 323px\" \/><\/p>\n<ul>\n<li>na z\u00e1ver povo\u013ete odosielanie \u00fadajov o polohe, stla\u010dte tla\u010didlo v riadku &#8220;Enable tracking&#8221;<\/li>\n<\/ul>\n<p><img decoding=\"async\" class=\"alignnone wp-image-1691 size-full\" src=\"https:\/\/automonitoring.online\/web\/wp-content\/uploads\/2020\/04\/apka3.jpg\" alt=\"\" width=\"323\" height=\"612\" srcset=\"https:\/\/automonitoring.online\/web\/wp-content\/uploads\/2020\/04\/apka3.jpg 323w, https:\/\/automonitoring.online\/web\/wp-content\/uploads\/2020\/04\/apka3-158x300.jpg 158w\" sizes=\"(max-width: 323px) 100vw, 323px\" \/><\/p>\n<p>&nbsp;<\/p>\n<ul>\n<li>gratulujeme, v\u0161etko m\u00e1te nastaven\u00e9 a pripraven\u00e9,<\/li>\n<li><a href=\"https:\/\/gps.automonitoring.sk\">prihl\u00e1ste sa do V\u00e1\u0161ho syst\u00e9mu Automonitoring<\/a>, kde pribudol v zozname nov\u00fd objekt &#8220;telef\u00f3n&#8221;<\/li>\n<li>v pr\u00edpade ak potrebujete pomoc, kliknite na <a href=\"https:\/\/automonitoring.online\/web\/podpora\/\">PODPORU<\/a><\/li>\n<\/ul>\n<p>&nbsp;<\/p>\n","protected":false},"excerpt":{"rendered":"<p>Aplik\u00e1cia Automonitoring Tracker na 1 rok<\/p>\n","protected":false},"featured_media":1730,"template":"","meta":{"_seopress_robots_primary_cat":"","_seopress_titles_title":"","_seopress_titles_desc":"","_seopress_robots_index":""},"product_cat":[56],"product_tag":[],"class_list":{"0":"post-1687","1":"product","2":"type-product","3":"status-publish","4":"has-post-thumbnail","6":"product_cat-gps","8":"first","9":"instock","10":"downloadable","11":"taxable","12":"shipping-taxable","13":"purchasable","14":"product-type-simple"},"_links":{"self":[{"href":"https:\/\/automonitoring.online\/web\/index.php?rest_route=\/wp\/v2\/product\/1687","targetHints":{"allow":["GET"]}}],"collection":[{"href":"https:\/\/automonitoring.online\/web\/index.php?rest_route=\/wp\/v2\/product"}],"about":[{"href":"https:\/\/automonitoring.online\/web\/index.php?rest_route=\/wp\/v2\/types\/product"}],"version-history":[{"count":1,"href":"https:\/\/automonitoring.online\/web\/index.php?rest_route=\/wp\/v2\/product\/1687\/revisions"}],"predecessor-version":[{"id":2049,"href":"https:\/\/automonitoring.online\/web\/index.php?rest_route=\/wp\/v2\/product\/1687\/revisions\/2049"}],"wp:featuredmedia":[{"embeddable":true,"href":"https:\/\/automonitoring.online\/web\/index.php?rest_route=\/wp\/v2\/media\/1730"}],"wp:attachment":[{"href":"https:\/\/automonitoring.online\/web\/index.php?rest_route=%2Fwp%2Fv2%2Fmedia&parent=1687"}],"wp:term":[{"taxonomy":"product_cat","embeddable":true,"href":"https:\/\/automonitoring.online\/web\/index.php?rest_route=%2Fwp%2Fv2%2Fproduct_cat&post=1687"},{"taxonomy":"product_tag","embeddable":true,"href":"https:\/\/automonitoring.online\/web\/index.php?rest_route=%2Fwp%2Fv2%2Fproduct_tag&post=1687"}],"curies":[{"name":"wp","href":"https:\/\/api.w.org\/{rel}","templated":true}]}}