{"id":1683,"date":"2020-04-14T13:29:22","date_gmt":"2020-04-14T12:29:22","guid":{"rendered":"https:\/\/automonitoring.online\/web\/?post_type=product&#038;p=1683"},"modified":"2022-02-09T19:36:48","modified_gmt":"2022-02-09T18:36:48","slug":"pre-domacich-milacikov","status":"publish","type":"product","link":"https:\/\/automonitoring.online\/web\/?product=pre-domacich-milacikov","title":{"rendered":"Dom\u00e1ci mil\u00e1\u010dik (GPS + 1 rok)"},"content":{"rendered":"<p>GPS pre dom\u00e1cich mil\u00e1\u010dikov, mal\u00e9 a spo\u013eahliv\u00e9 zariadenie vhodn\u00e9 na obojok. Obsahuje GPS zariadenie a ro\u010dn\u00e9 online fungovanie.<\/p>\n<p><strong>\u010co vie monitorova\u0165 GPS dom\u00e1ci mil\u00e1\u010dik?<\/strong><\/p>\n<ul>\n<li>vhodn\u00e9 pre dom\u00e1ce zvierat\u00e1, psy, ma\u010dky&#8230;<\/li>\n<\/ul>\n<p><strong>Ako to funguje?<\/strong><\/p>\n<ul>\n<li>GPS zariadenie sa prevle\u010die na obojok pomocou gumov\u00e9ho obalu. Zapnete a m\u00f4\u017ete vyrazi\u0165 na prech\u00e1dzku, alebo v\u00fdcvik.<\/li>\n<\/ul>\n<p><strong>Ak\u00e9 s\u00fa hlavn\u00e9 v\u00fdhody?<\/strong><\/p>\n<ul>\n<li>okam\u017eit\u00e1 lokaliz\u00e1cia na mape v pr\u00edpade zat\u00falania,<\/li>\n<li>zabehnut\u00e1 vzdialenos\u0165 na prech\u00e1dzke,<\/li>\n<li>ide\u00e1lny pomocn\u00edk pri v\u00fdcviku vyh\u013ead\u00e1vania,<\/li>\n<li>senzor pohybu &#8211; gps je akt\u00edvne len pri pohybe, \u0161etr\u00ed sa tak v\u00fddr\u017e bat\u00e9rie,<\/li>\n<li>vode odoln\u00e9 &#8211; IP67 zabezpe\u010duje dlh\u00fa \u017eivotnos\u0165 a nasadenie v ka\u017edom ter\u00e9ne,<\/li>\n<li>magnetick\u00fd konektor nab\u00edjania, \u017eiadne usb vstupy, ktor\u00e9 hor\u0161ie odol\u00e1vaj\u00fa ne\u010distot\u00e1m.<\/li>\n<\/ul>\n<p><strong>\u0160pecifik\u00e1cia<\/strong><\/p>\n<ul>\n<li>rozmery v mm 44 x 42,4 x 19,5<\/li>\n<li>bat\u00e9ria 800 mAh<\/li>\n<li>v\u00fddr\u017e bat\u00e9rie z\u00e1le\u017e\u00ed od nastaven\u00ed a podmienok pou\u017eitia, pri akt\u00edvnom vysielan\u00ed je max. cca 16 hod\u00edn,<\/li>\n<li>balenie obsahuje GPS zariadenie, ro\u010dn\u00e9 online fungovanie, nab\u00edjac\u00ed k\u00e1bel, dr\u017eiak na obojok.<\/li>\n<\/ul>\n<p><strong>\u010eal\u0161ie mo\u017enosti vyu\u017eitia<\/strong><\/p>\n<ul>\n<li>doh\u013ead nad de\u0165mi, seniormi, pracuj\u00facimi na od\u013eahl\u00fdch miestach&#8230;<\/li>\n<li>privolanie pomoci stla\u010den\u00edm tla\u010didla, odoslan\u00edm SMS alebo zavolan\u00edm na zn\u00e1me \u010d\u00edslo,<\/li>\n<li>upozornenie ak sa zariadenie dostane mimo zadefinovanej hranice, (domov, pr\u00e1ca, \u0161kola&#8230;)<\/li>\n<li>detekcia prekro\u010denia r\u00fdchlosti, napr\u00edklad upozornenie ke\u010f sa ch\u00f4dza zmen\u00ed na jazdu autom,<\/li>\n<li>detekcia p\u00e1du a le\u017eiacej osoby, zariadenie sa upevn\u00ed na opasok a pri p\u00e1de &#8211; n\u00e1slednej nehybnosti gps zariadenie odo\u0161le SMS spr\u00e1vu alebo zavol\u00e1 na zn\u00e1me \u010d\u00edslo.<\/li>\n<\/ul>\n<p>V pr\u00edpade po\u017eiadavky na \u0161pecifick\u00e9 vyu\u017eitie n\u00e1s kontaktujte a navrneme V\u00e1m najvhodnej\u0161ie technick\u00e9 rie\u0161enie.<\/p>\n","protected":false},"excerpt":{"rendered":"<p>Spo\u013eahliv\u00e9 GPS zariadenie na obojok.<\/p>\n","protected":false},"featured_media":1685,"template":"","meta":{"_seopress_robots_primary_cat":"","_seopress_titles_title":"","_seopress_titles_desc":"","_seopress_robots_index":""},"product_cat":[56],"product_tag":[],"class_list":{"0":"post-1683","1":"product","2":"type-product","3":"status-publish","4":"has-post-thumbnail","6":"product_cat-gps","8":"first","9":"instock","10":"taxable","11":"shipping-taxable","12":"purchasable","13":"product-type-simple"},"_links":{"self":[{"href":"https:\/\/automonitoring.online\/web\/index.php?rest_route=\/wp\/v2\/product\/1683","targetHints":{"allow":["GET"]}}],"collection":[{"href":"https:\/\/automonitoring.online\/web\/index.php?rest_route=\/wp\/v2\/product"}],"about":[{"href":"https:\/\/automonitoring.online\/web\/index.php?rest_route=\/wp\/v2\/types\/product"}],"version-history":[{"count":1,"href":"https:\/\/automonitoring.online\/web\/index.php?rest_route=\/wp\/v2\/product\/1683\/revisions"}],"predecessor-version":[{"id":2050,"href":"https:\/\/automonitoring.online\/web\/index.php?rest_route=\/wp\/v2\/product\/1683\/revisions\/2050"}],"wp:featuredmedia":[{"embeddable":true,"href":"https:\/\/automonitoring.online\/web\/index.php?rest_route=\/wp\/v2\/media\/1685"}],"wp:attachment":[{"href":"https:\/\/automonitoring.online\/web\/index.php?rest_route=%2Fwp%2Fv2%2Fmedia&parent=1683"}],"wp:term":[{"taxonomy":"product_cat","embeddable":true,"href":"https:\/\/automonitoring.online\/web\/index.php?rest_route=%2Fwp%2Fv2%2Fproduct_cat&post=1683"},{"taxonomy":"product_tag","embeddable":true,"href":"https:\/\/automonitoring.online\/web\/index.php?rest_route=%2Fwp%2Fv2%2Fproduct_tag&post=1683"}],"curies":[{"name":"wp","href":"https:\/\/api.w.org\/{rel}","templated":true}]}}